{"id":1066,"date":"2023-03-25T21:59:29","date_gmt":"2023-03-25T20:59:29","guid":{"rendered":"https:\/\/www.fc-freihung.de\/wp\/?page_id=1066"},"modified":"2026-04-17T08:17:48","modified_gmt":"2026-04-17T06:17:48","slug":"sportgelaende-gaststaette","status":"publish","type":"page","link":"https:\/\/www.fc-freihung.de\/wp\/sportgelaende-gaststaette\/","title":{"rendered":"Sportgel\u00e4nde"},"content":{"rendered":"<div class=\"style-417 style-local-1066-c1 position-relative\" data-colibri-id=\"1066-c1\">\r\n<div id=\"initial-content\" class=\"h-section h-section-global-spacing d-flex align-items-lg-center align-items-md-center align-items-center style-418 style-local-1066-c2 position-relative\" data-colibri-component=\"section\" data-colibri-id=\"1066-c2\">.<\/div>\r\n<div class=\"h-section h-section-global-spacing d-flex align-items-lg-center align-items-md-center align-items-center style-418 style-local-1066-c2 position-relative\" data-colibri-component=\"section\" data-colibri-id=\"1066-c2\">\r\n<div class=\"h-section-grid-container h-section-boxed-container\">\r\n<div class=\"h-row-container gutters-row-lg-2 gutters-row-md-2 gutters-row-0 gutters-row-v-lg-2 gutters-row-v-md-2 gutters-row-v-2 style-419 style-local-1066-c3 position-relative\" data-colibri-id=\"1066-c3\">\r\n<div class=\"h-row justify-content-lg-center justify-content-md-center justify-content-center align-items-lg-stretch align-items-md-stretch align-items-stretch gutters-col-lg-2 gutters-col-md-2 gutters-col-0 gutters-col-v-lg-2 gutters-col-v-md-2 gutters-col-v-2\">\r\n<div class=\"h-column h-column-container d-flex h-col-lg-auto h-col-md-auto h-col-auto style-420-outer style-local-1066-c4-outer\">\r\n<div class=\"d-flex h-flex-basis h-column__inner h-px-lg-2 h-px-md-2 h-px-2 v-inner-lg-2 v-inner-md-2 v-inner-2 style-420 style-local-1066-c4 position-relative\" data-colibri-id=\"1066-c4\">\r\n<div class=\"w-100 h-y-container h-column__content h-column__v-align flex-basis-100 align-self-lg-start align-self-md-start align-self-start\">\r\n<div class=\"style-421 style-local-1066-c5 position-relative h-element\" data-colibri-id=\"1066-c5\">\r\n<div>\r\n\r\n.\r\n<h5 style=\"text-align: center;\"><strong>Unsere Pl\u00e4tze:<\/strong><\/h5>\r\n<img loading=\"lazy\" decoding=\"async\" class=\" wp-image-5110 aligncenter\" src=\"http:\/\/www.fc-freihung.de\/wp\/wp-content\/uploads\/2025\/08\/A-Platz-819x1024.png\" alt=\"\" width=\"620\" height=\"775\" srcset=\"https:\/\/www.fc-freihung.de\/wp\/wp-content\/uploads\/2025\/08\/A-Platz-819x1024.png 819w, https:\/\/www.fc-freihung.de\/wp\/wp-content\/uploads\/2025\/08\/A-Platz-240x300.png 240w, https:\/\/www.fc-freihung.de\/wp\/wp-content\/uploads\/2025\/08\/A-Platz-768x960.png 768w, https:\/\/www.fc-freihung.de\/wp\/wp-content\/uploads\/2025\/08\/A-Platz.png 1080w\" sizes=\"auto, (max-width: 620px) 100vw, 620px\" \/>\r\n\r\n&nbsp;\r\n\r\n<\/div>\r\n<img loading=\"lazy\" decoding=\"async\" class=\" wp-image-5111 aligncenter\" src=\"http:\/\/www.fc-freihung.de\/wp\/wp-content\/uploads\/2025\/08\/B-Platz-819x1024.png\" alt=\"\" width=\"620\" height=\"775\" srcset=\"https:\/\/www.fc-freihung.de\/wp\/wp-content\/uploads\/2025\/08\/B-Platz-819x1024.png 819w, https:\/\/www.fc-freihung.de\/wp\/wp-content\/uploads\/2025\/08\/B-Platz-240x300.png 240w, https:\/\/www.fc-freihung.de\/wp\/wp-content\/uploads\/2025\/08\/B-Platz-768x960.png 768w, https:\/\/www.fc-freihung.de\/wp\/wp-content\/uploads\/2025\/08\/B-Platz.png 1080w\" sizes=\"auto, (max-width: 620px) 100vw, 620px\" \/>\r\n\r\n<\/div>\r\n&nbsp;\r\n<div class=\"style-421 style-local-1066-c5 position-relative h-element\" data-colibri-id=\"1066-c5\">\r\n<div>\r\n\r\n&nbsp;\r\n<h5 style=\"text-align: center;\"><strong>Die Rasenm\u00e4her:<\/strong><\/h5>\r\n<p style=\"text-align: center;\">Damit unsere Pl\u00e4tze sauber und bereit f\u00fcr den Spiel- und Trainingsbetrieb sind, haben wir einen Spindelm\u00e4her und vier M\u00e4hroboter im Einsatz.<\/p>\r\n<p style=\"text-align: center;\">Die M\u00e4hroboter, die mit GPS von Diebstahl gesichert sind, wurden von der Firma Milde GmbH geliefert und installiert.<\/p>\r\n&nbsp;\r\n\r\n<img loading=\"lazy\" decoding=\"async\" class=\" wp-image-5475 aligncenter\" src=\"http:\/\/www.fc-freihung.de\/wp\/wp-content\/uploads\/2026\/04\/4DAA3F72-76C0-44D5-BAD9-784495EFBEA6-684x1024.jpeg\" alt=\"\" width=\"710\" height=\"1062\" srcset=\"https:\/\/www.fc-freihung.de\/wp\/wp-content\/uploads\/2026\/04\/4DAA3F72-76C0-44D5-BAD9-784495EFBEA6-684x1024.jpeg 684w, https:\/\/www.fc-freihung.de\/wp\/wp-content\/uploads\/2026\/04\/4DAA3F72-76C0-44D5-BAD9-784495EFBEA6-201x300.jpeg 201w, https:\/\/www.fc-freihung.de\/wp\/wp-content\/uploads\/2026\/04\/4DAA3F72-76C0-44D5-BAD9-784495EFBEA6-768x1149.jpeg 768w, https:\/\/www.fc-freihung.de\/wp\/wp-content\/uploads\/2026\/04\/4DAA3F72-76C0-44D5-BAD9-784495EFBEA6-1027x1536.jpeg 1027w, https:\/\/www.fc-freihung.de\/wp\/wp-content\/uploads\/2026\/04\/4DAA3F72-76C0-44D5-BAD9-784495EFBEA6.jpeg 1044w\" sizes=\"auto, (max-width: 710px) 100vw, 710px\" \/>\r\n\r\n<\/div>\r\n<h5><\/h5>\r\n<\/div>\r\n<img loading=\"lazy\" decoding=\"async\" class=\" wp-image-5117 aligncenter\" src=\"http:\/\/www.fc-freihung.de\/wp\/wp-content\/uploads\/2025\/08\/rasenmaeher-1024x647.jpg\" alt=\"\" width=\"712\" height=\"450\" srcset=\"https:\/\/www.fc-freihung.de\/wp\/wp-content\/uploads\/2025\/08\/rasenmaeher-1024x647.jpg 1024w, https:\/\/www.fc-freihung.de\/wp\/wp-content\/uploads\/2025\/08\/rasenmaeher-300x190.jpg 300w, https:\/\/www.fc-freihung.de\/wp\/wp-content\/uploads\/2025\/08\/rasenmaeher-768x485.jpg 768w, https:\/\/www.fc-freihung.de\/wp\/wp-content\/uploads\/2025\/08\/rasenmaeher.jpg 1318w\" sizes=\"auto, (max-width: 712px) 100vw, 712px\" \/>\r\n<div class=\"style-421 style-local-1066-c5 position-relative h-element\" data-colibri-id=\"1066-c5\">\r\n<div>\r\n\r\n&nbsp;\r\n<h5 style=\"text-align: center;\"><strong>Das alte Sportheim:<\/strong><\/h5>\r\n<img loading=\"lazy\" decoding=\"async\" class=\" wp-image-2905 aligncenter\" src=\"http:\/\/www.fc-freihung.de\/wp\/wp-content\/uploads\/2024\/09\/Altes-Sportheim-1024x793.jpg\" alt=\"\" width=\"712\" height=\"551\" srcset=\"https:\/\/www.fc-freihung.de\/wp\/wp-content\/uploads\/2024\/09\/Altes-Sportheim-1024x793.jpg 1024w, https:\/\/www.fc-freihung.de\/wp\/wp-content\/uploads\/2024\/09\/Altes-Sportheim-300x232.jpg 300w, https:\/\/www.fc-freihung.de\/wp\/wp-content\/uploads\/2024\/09\/Altes-Sportheim-768x595.jpg 768w, https:\/\/www.fc-freihung.de\/wp\/wp-content\/uploads\/2024\/09\/Altes-Sportheim-1536x1190.jpg 1536w, https:\/\/www.fc-freihung.de\/wp\/wp-content\/uploads\/2024\/09\/Altes-Sportheim.jpg 1722w\" sizes=\"auto, (max-width: 712px) 100vw, 712px\" \/>\r\n\r\n&nbsp;\r\n\r\n<\/div>\r\n<\/div>\r\n<\/div>\r\n<\/div>\r\n<\/div>\r\n<\/div>\r\n<\/div>\r\n<\/div>\r\n<\/div>\r\n<\/div>","protected":false},"excerpt":{"rendered":"<p>. . Unsere Pl\u00e4tze: &nbsp; &nbsp; &nbsp; Die Rasenm\u00e4her: Damit unsere Pl\u00e4tze sauber und bereit f\u00fcr den Spiel- und Trainingsbetrieb sind, haben wir einen Spindelm\u00e4her und vier M\u00e4hroboter im Einsatz. Die M\u00e4hroboter, die mit GPS von Diebstahl gesichert sind, wurden von der Firma Milde GmbH geliefert und installiert. &nbsp; &nbsp; Das alte Sportheim: &nbsp;<\/p>\n","protected":false},"author":1,"featured_media":0,"parent":0,"menu_order":0,"comment_status":"closed","ping_status":"closed","template":"page-templates\/full-width-page.php","meta":{"footnotes":""},"class_list":["post-1066","page","type-page","status-publish","hentry"],"_links":{"self":[{"href":"https:\/\/www.fc-freihung.de\/wp\/wp-json\/wp\/v2\/pages\/1066","targetHints":{"allow":["GET"]}}],"collection":[{"href":"https:\/\/www.fc-freihung.de\/wp\/wp-json\/wp\/v2\/pages"}],"about":[{"href":"https:\/\/www.fc-freihung.de\/wp\/wp-json\/wp\/v2\/types\/page"}],"author":[{"embeddable":true,"href":"https:\/\/www.fc-freihung.de\/wp\/wp-json\/wp\/v2\/users\/1"}],"replies":[{"embeddable":true,"href":"https:\/\/www.fc-freihung.de\/wp\/wp-json\/wp\/v2\/comments?post=1066"}],"version-history":[{"count":21,"href":"https:\/\/www.fc-freihung.de\/wp\/wp-json\/wp\/v2\/pages\/1066\/revisions"}],"predecessor-version":[{"id":5477,"href":"https:\/\/www.fc-freihung.de\/wp\/wp-json\/wp\/v2\/pages\/1066\/revisions\/5477"}],"wp:attachment":[{"href":"https:\/\/www.fc-freihung.de\/wp\/wp-json\/wp\/v2\/media?parent=1066"}],"curies":[{"name":"wp","href":"https:\/\/api.w.org\/{rel}","templated":true}]}}